{"id":496,"date":"2025-03-06T11:44:30","date_gmt":"2025-03-06T10:44:30","guid":{"rendered":"https:\/\/elperetapas.com\/?page_id=496"},"modified":"2025-03-06T11:47:24","modified_gmt":"2025-03-06T10:47:24","slug":"opinion","status":"publish","type":"page","link":"https:\/\/elperetapas.com\/index.php\/opinion\/","title":{"rendered":"\u2b50\u2b50\u2b50\u2b50\u2b50"},"content":{"rendered":"\n<p class=\"has-text-align-center has-normal-font-size\"><br><strong>Tu opini\u00f3n <\/strong>es muy importante para nosotros y <strong>nos ayuda a mejorar<\/strong> cada d\u00eda. Si disfrutaste de tu comida, <strong>d\u00e9janos una rese\u00f1a positiva <\/strong>en <strong>tu plataforma favorita.<\/strong> \u00a1Nos encantar\u00eda llegar a m\u00e1s personas gracias a ti! \ud83d\ude0a<\/p>\n\n\n\n<hr class=\"wp-block-separator has-alpha-channel-opacity\"\/>\n\n\n\n<div class=\"wp-block-buttons is-content-justification-center is-layout-flex wp-container-core-buttons-is-layout-1 wp-block-buttons-is-layout-flex\">\n<div class=\"wp-block-button has-custom-width wp-block-button__width-100 has-custom-font-size is-style-fill has-normal-font-size\"><a class=\"wp-block-button__link has-text-color has-background has-link-color wp-element-button\" href=\"https:\/\/g.page\/r\/Ccvo5nXfWZYKEBM\/review\" style=\"color:#f4b400;background-color:#4088cc\" target=\"_blank\" rel=\"noreferrer noopener\">GOOGLE<\/a><\/div>\n\n\n\n<div class=\"wp-block-button has-custom-width wp-block-button__width-100 has-custom-font-size is-style-fill has-normal-font-size\"><a class=\"wp-block-button__link has-text-color has-background has-link-color wp-element-button\" href=\"http:\/\/www.tripadvisor.es\/UserReviewEdit-d24998583?m=68676\" style=\"color:#595959;background-color:#00b140\" target=\"_blank\" rel=\"noreferrer noopener\">TRIPADVISOR<\/a><\/div>\n\n\n\n<div class=\"wp-block-button has-custom-width wp-block-button__width-100 has-custom-font-size is-style-fill has-normal-font-size\"><a class=\"wp-block-button__link has-background wp-element-button\" href=\"https:\/\/www.facebook.com\/elpere.ronda\/\" style=\"background-color:#1877f2\" target=\"_blank\" rel=\"noreferrer noopener\">FACEBOOK<\/a><\/div>\n\n\n\n<div class=\"wp-block-button has-custom-width wp-block-button__width-100 has-custom-font-size is-style-fill has-normal-font-size\"><a class=\"wp-block-button__link has-text-color has-background has-link-color wp-element-button\" href=\"https:\/\/www.instagram.com\/elpere.tapas\/\" style=\"color:#f58529;background-color:#d22e76\" target=\"_blank\" rel=\"noreferrer noopener\">INSTAGRAM<\/a><\/div>\n<\/div>\n\n\n\n<hr class=\"wp-block-separator has-alpha-channel-opacity\"\/>\n\n\n\n<p class=\"has-text-align-center has-normal-font-size\">Si algo no estuvo a la altura, <strong>queremos saberlo<\/strong> y solucionarlo. Escr\u00edbenos a <strong><a href=\"mailto:elpere@elpere.es\" target=\"_blank\" rel=\"noreferrer noopener\">elpere@elpere.es<\/a> <\/strong>y lo hablaremos contigo directamente.\ud83d\udce7<\/p>\n","protected":false},"excerpt":{"rendered":"<p>Tu opini\u00f3n es muy importante para nosotros y nos ayuda<span class=\"more-button\"><a href=\"https:\/\/elperetapas.com\/index.php\/opinion\/\" class=\"more-link\">Continue reading<span class=\"screen-reader-text\">\u2b50\u2b50\u2b50\u2b50\u2b50<\/span><\/a><\/span><\/p>\n","protected":false},"author":1,"featured_media":0,"parent":0,"menu_order":0,"comment_status":"closed","ping_status":"closed","template":"","meta":{"footnotes":""},"class_list":["post-496","page","type-page","status-publish","hentry"],"_links":{"self":[{"href":"https:\/\/elperetapas.com\/index.php\/wp-json\/wp\/v2\/pages\/496","targetHints":{"allow":["GET"]}}],"collection":[{"href":"https:\/\/elperetapas.com\/index.php\/wp-json\/wp\/v2\/pages"}],"about":[{"href":"https:\/\/elperetapas.com\/index.php\/wp-json\/wp\/v2\/types\/page"}],"author":[{"embeddable":true,"href":"https:\/\/elperetapas.com\/index.php\/wp-json\/wp\/v2\/users\/1"}],"replies":[{"embeddable":true,"href":"https:\/\/elperetapas.com\/index.php\/wp-json\/wp\/v2\/comments?post=496"}],"version-history":[{"count":3,"href":"https:\/\/elperetapas.com\/index.php\/wp-json\/wp\/v2\/pages\/496\/revisions"}],"predecessor-version":[{"id":500,"href":"https:\/\/elperetapas.com\/index.php\/wp-json\/wp\/v2\/pages\/496\/revisions\/500"}],"wp:attachment":[{"href":"https:\/\/elperetapas.com\/index.php\/wp-json\/wp\/v2\/media?parent=496"}],"curies":[{"name":"wp","href":"https:\/\/api.w.org\/{rel}","templated":true}]}}