{"id":63,"date":"2024-04-27T17:21:26","date_gmt":"2024-04-27T15:21:26","guid":{"rendered":"https:\/\/elperetapas.com\/?page_id=63"},"modified":"2025-07-20T21:45:03","modified_gmt":"2025-07-20T19:45:03","slug":"ubicacion","status":"publish","type":"page","link":"https:\/\/elperetapas.com\/index.php\/ubicacion\/","title":{"rendered":"UBICACI\u00d3N"},"content":{"rendered":"\n<p class=\"has-text-align-center\">Nuestra ubicaci\u00f3n es \u00abCalle Laur\u00eda N\u00ba 54\u00bb. Nos encontramos en el centro de Ronda, cerca del cine y pr\u00f3ximo al casco hist\u00f3rico. Para m\u00e1s informaci\u00f3n os dejamos el mapa de la ubicaci\u00f3n exacta abajo.<\/p>\n\n\n\n<iframe src=\"https:\/\/www.google.com\/maps\/embed?pb=!1m18!1m12!1m3!1d3197.012011308421!2d-5.165347923705426!3d36.74628277073629!2m3!1f0!2f0!3f0!3m2!1i1024!2i768!4f13.1!3m3!1m2!1s0xd0d3147e1aad4d7%3A0xa9659df75e6e8cb!2sELPERE%20tapas!5e0!3m2!1ses!2ses!4v1714231242008!5m2!1ses!2ses\" width=\"1920\" height=\"540\" style=\"border:0;\" allowfullscreen=\"\" loading=\"lazy\" referrerpolicy=\"no-referrer-when-downgrade\"><\/iframe>\n\n\n\n<hr class=\"wp-block-separator has-alpha-channel-opacity\"\/>\n\n\n\n<div class=\"wp-block-buttons is-content-justification-center is-layout-flex wp-container-core-buttons-is-layout-1 wp-block-buttons-is-layout-flex\">\n<div class=\"wp-block-button has-custom-width wp-block-button__width-100 is-style-fill\"><a class=\"wp-block-button__link has-black-background-color has-background wp-element-button\" href=\"https:\/\/elperetapas.com\/index.php\/opinion\/\">\u2b50\u2b50\u2b50\u2b50\u2b50<\/a><\/div>\n<\/div>\n\n\n\n<hr class=\"wp-block-separator has-alpha-channel-opacity\"\/>\n\n\n\n<div class=\"wp-block-buttons is-content-justification-center is-layout-flex wp-container-core-buttons-is-layout-2 wp-block-buttons-is-layout-flex\">\n<div class=\"wp-block-button has-custom-width wp-block-button__width-100 has-custom-font-size is-style-fill has-normal-font-size\"><a class=\"wp-block-button__link has-background wp-element-button\" href=\"https:\/\/www.facebook.com\/elpere.ronda\/\" style=\"background-color:#1877f2\" target=\"_blank\" rel=\"noreferrer noopener\">FACEBOOK<\/a><\/div>\n\n\n\n<div class=\"wp-block-button has-custom-width wp-block-button__width-100 has-custom-font-size is-style-fill has-normal-font-size\"><a class=\"wp-block-button__link has-text-color has-background has-link-color wp-element-button\" href=\"https:\/\/www.instagram.com\/elpere.tapas\/\" style=\"color:#f58529;background-color:#d22e76\" target=\"_blank\" rel=\"noreferrer noopener\">INSTAGRAM<\/a><\/div>\n<\/div>\n\n\n\n<p><\/p>\n","protected":false},"excerpt":{"rendered":"<p>Nuestra ubicaci\u00f3n es \u00abCalle Laur\u00eda N\u00ba 54\u00bb. Nos encontramos en<span class=\"more-button\"><a href=\"https:\/\/elperetapas.com\/index.php\/ubicacion\/\" class=\"more-link\">Continue reading<span class=\"screen-reader-text\">UBICACI\u00d3N<\/span><\/a><\/span><\/p>\n","protected":false},"author":1,"featured_media":0,"parent":0,"menu_order":0,"comment_status":"closed","ping_status":"closed","template":"","meta":{"footnotes":""},"class_list":["post-63","page","type-page","status-publish","hentry"],"_links":{"self":[{"href":"https:\/\/elperetapas.com\/index.php\/wp-json\/wp\/v2\/pages\/63","targetHints":{"allow":["GET"]}}],"collection":[{"href":"https:\/\/elperetapas.com\/index.php\/wp-json\/wp\/v2\/pages"}],"about":[{"href":"https:\/\/elperetapas.com\/index.php\/wp-json\/wp\/v2\/types\/page"}],"author":[{"embeddable":true,"href":"https:\/\/elperetapas.com\/index.php\/wp-json\/wp\/v2\/users\/1"}],"replies":[{"embeddable":true,"href":"https:\/\/elperetapas.com\/index.php\/wp-json\/wp\/v2\/comments?post=63"}],"version-history":[{"count":10,"href":"https:\/\/elperetapas.com\/index.php\/wp-json\/wp\/v2\/pages\/63\/revisions"}],"predecessor-version":[{"id":528,"href":"https:\/\/elperetapas.com\/index.php\/wp-json\/wp\/v2\/pages\/63\/revisions\/528"}],"wp:attachment":[{"href":"https:\/\/elperetapas.com\/index.php\/wp-json\/wp\/v2\/media?parent=63"}],"curies":[{"name":"wp","href":"https:\/\/api.w.org\/{rel}","templated":true}]}}